{"id":66,"date":"2019-07-12T00:00:19","date_gmt":"2019-07-12T00:00:19","guid":{"rendered":"http:\/\/newfamilyintown.com\/?page_id=66"},"modified":"2024-12-01T10:18:15","modified_gmt":"2024-12-01T10:18:15","slug":"willkommen","status":"publish","type":"page","link":"https:\/\/newfamilyintown.com\/?page_id=66","title":{"rendered":"Willkommen"},"content":{"rendered":"\n<p class=\"has-vivid-red-color has-text-color\" style=\"font-size:25px\"><strong>Willkommen bei newfamilyintown!<\/strong><br><\/p>\n\n\n\n<p>Ihr seid mit eurer Familie gerade unterwegs und sucht mehr oder weniger spontan nach familienfreundlichen Ausfl\u00fcgen oder Aktivit\u00e4ten mit Insider-Tipps in der n\u00e4heren Umgebung?\u00a0<br><br>Dann seid ihr hier genau richtig&#8230; <strong>New Family in Town<\/strong> <strong>m\u00f6chte euch eine langwierige Recherche ersparen und den Fun-Faktor maximieren. Ihr findet hier Ausflugsziele, Restaurants, Reisetipps kombiniert mit Altersempfehlungen und \u00fcbersichtlichen interaktiven Karten, die euch noch schneller ans Ziel kommen lassen.\u00a0<\/strong><br><br>Die Empfehlungen stammen zum Teil von mir selbst, basieren aber auch auf den offiziellen touristischen Seiten der St\u00e4dte und Landkreise, auf den Tipps von lokalen Familienmagazinen und auch auf den wertvollen Beitr\u00e4gen von pr\u00e4mierten und erfolgreichen Blogs und Webseiten zum Thema familienfreundliche Ausfl\u00fcge.<\/p>\n\n\n\n<p>Mein Ziel war es ein Netzwerk zu gr\u00fcnden, indem viele der qualitativ hochwertigen und gut recherchierten Tipps und Empfehlungen zusammenlaufen und sie schnell zug\u00e4nglich zu machen. Das spart effektiv Lebenszeit, die ihr anderweitig nutzen k\u00f6nnt.<\/p>\n\n\n\n<p>Viel Spa\u00df beim St\u00f6bern und Erleben w\u00fcnscht euch eine passionierte Mama und Lehrerin, die die Welt f\u00fcr Kinder und Eltern gern ein bisschen bunter und fr\u00f6hlicher macht.<br><\/p>\n","protected":false},"excerpt":{"rendered":"<p>Willkommen bei newfamilyintown! Ihr seid mit eurer Familie gerade unterwegs und sucht mehr oder weniger spontan nach familienfreundlichen Ausfl\u00fcgen oder Aktivit\u00e4ten mit Insider-Tipps in der n\u00e4heren Umgebung?\u00a0 Dann seid ihr hier genau richtig&#8230; New Family in Town m\u00f6chte euch eine langwierige Recherche ersparen und den Fun-Faktor maximieren. Ihr findet hier Ausflugsziele, Restaurants, Reisetipps kombiniert mit &hellip; <\/p>\n","protected":false},"author":1,"featured_media":4,"parent":0,"menu_order":0,"comment_status":"closed","ping_status":"closed","template":"","meta":{"footnotes":""},"class_list":["post-66","page","type-page","status-publish","has-post-thumbnail","hentry","latest_post"],"_links":{"self":[{"href":"https:\/\/newfamilyintown.com\/index.php?rest_route=\/wp\/v2\/pages\/66","targetHints":{"allow":["GET"]}}],"collection":[{"href":"https:\/\/newfamilyintown.com\/index.php?rest_route=\/wp\/v2\/pages"}],"about":[{"href":"https:\/\/newfamilyintown.com\/index.php?rest_route=\/wp\/v2\/types\/page"}],"author":[{"embeddable":true,"href":"https:\/\/newfamilyintown.com\/index.php?rest_route=\/wp\/v2\/users\/1"}],"replies":[{"embeddable":true,"href":"https:\/\/newfamilyintown.com\/index.php?rest_route=%2Fwp%2Fv2%2Fcomments&post=66"}],"version-history":[{"count":17,"href":"https:\/\/newfamilyintown.com\/index.php?rest_route=\/wp\/v2\/pages\/66\/revisions"}],"predecessor-version":[{"id":1273,"href":"https:\/\/newfamilyintown.com\/index.php?rest_route=\/wp\/v2\/pages\/66\/revisions\/1273"}],"wp:featuredmedia":[{"embeddable":true,"href":"https:\/\/newfamilyintown.com\/index.php?rest_route=\/wp\/v2\/media\/4"}],"wp:attachment":[{"href":"https:\/\/newfamilyintown.com\/index.php?rest_route=%2Fwp%2Fv2%2Fmedia&parent=66"}],"curies":[{"name":"wp","href":"https:\/\/api.w.org\/{rel}","templated":true}]}}